{"id":12796,"date":"2025-08-04T11:52:05","date_gmt":"2025-08-04T11:52:05","guid":{"rendered":"https:\/\/sax.rs\/p\/branding\/"},"modified":"2026-01-25T20:57:50","modified_gmt":"2026-01-25T19:57:50","slug":"branding","status":"publish","type":"product","link":"https:\/\/sax.rs\/en\/p\/branding\/","title":{"rendered":"BRANDING"},"content":{"rendered":"","protected":false},"excerpt":{"rendered":"<p><strong>LOGO TAPES<\/strong><br \/>\nWe offer logo tapes in:<br \/>\n&#8211; satin tapes<br \/>\n&#8211; twill tapes<br \/>\n&#8211; grosgrain tapes<br \/>\nWe can produce logo tapes in any color and width.<br \/>\nMinimum order: 1000 m<br \/>\n<strong><br \/>\nJACQUARD TAPES WITH LOGO<\/strong> can be made in any<br \/>\ncolor and width.<br \/>\nMinimum 1000m <\/p>\n<p><strong>ELASTIC WITH LOGO<\/strong><br \/>\nFor underwear, sportswear and striking details on clothing items,<br \/>\nelastic bands with your logo are indispensable.<br \/>\nMinimum 5000m (2 colors possible, 2500m each).<br \/>\nNumber of colors in the logo: maximum 5.<br \/>\nElastic width as desired.<br \/>\nWe offer several qualities of elastic, which are determined by agreement.<\/p>\n<p><strong>JACQUARD LABELS<\/strong> are the most common in the textile industry.<br \/>\nAll you need to do is send us a vector preparation for<br \/>\nthe label, and we will make a sample in a short period of time.<br \/>\nAfter your confirmation of the quality, the entire quantity is made.<br \/>\nThe minimum order is 2000 pieces.<br \/>\nThe size of the labels, the quality of the weave, as well as the circulation, affect the price!<br \/>\nWe deliver the labels neatly laser-cut and folded where necessary (by agreement). <\/p>\n<p><strong>PRINTED LABELS<\/strong><br \/>\nWe print labels and declarations on satin or PES tape very quickly for you.<br \/>\nWe offer black, white, beige, blue and red satin.<br \/>\nYou choose the print color \u2013 silver, gold, ice gray, black, red or blue.<br \/>\n\u2022 Roll size: 33 m, width 3 cm<br \/>\n\u2022 Delivery time: 2 days<\/p>\n<p><strong>PRINTED TRANSPARENT LABELS<\/strong><br \/>\nIf you want your labels to be different from the others and with your logo, we suggest<br \/>\nsomething completely new. Order printed labels on the finest silicone tape. Veoma<br \/>\nsu mekane, prijatne i istrajne. Mo\u017eete ih koristiti u kolekciji kupa\u0107ih kostima i ve\u0161a,<br \/>\njer su vodootporne. You can also use them as a brand detail on clothing items.<br \/>\nYou choose the print color \u2013 silver, gold, ice gray, black, red or blue.<br \/>\n\u2022 Roll size: 25 m, width 3 cm<br \/>\n\u2022 Delivery time: 2 days<\/p>\n<p><strong>LEATHER LABELS<\/strong><br \/>\nWe offer the production of labels from genuine leather or PU leather.<br \/>\nAccording to your design, you get your leather labels in a short period of time.<br \/>\nMinimum order: 1000 pieces.<\/p>\n<p><strong>CARDBOARD LABELS WITH LOGO<\/strong><br \/>\nYou can order cardboard labels for your products from us. We are here to realize your every idea.<br \/>\nMinimum print run: 10,000 pieces  <\/p>\n<p><strong>PACKAGING BAGS WITH LOGO<\/strong><br \/>\nWe make bags with a logo in sizes and print colors according to your request.<br \/>\nThe minimum order for bags with a logo is 5000 pieces.<br \/>\nThe thickness of the bag (in microns) is determined by agreement! <\/p>\n<p><strong>METAL ACCESSORIES WITH LOGO<\/strong><br \/>\nAll metal accessories can be made<br \/>\nwith your logo. Metal buttons, snaps,<br \/>\neyelets and rivets can be branded according to your<br \/>\nwishes and requirements in a very short<br \/>\nperiod of time.<br \/>\nThe minimum for the logo is 10,000 pieces.  <\/p>\n<p><strong>ZIPPERS WITH LOGO<\/strong><br \/>\nTo brand the zippers on your models as well, we also offer the production of pulls with your logo.<br \/>\nShape, color and size according to your design.<br \/>\nThe minimum order is 1000 pieces.<\/p>\n<p>We also offer printed rubberized zippers.<br \/>\nOne print color is possible on the zipper.<br \/>\nThe minimum for production is 500 linear meters per color.<\/p>\n","protected":false},"featured_media":9822,"template":"","meta":[],"product_brand":[],"product_cat":[1545],"product_tag":[],"class_list":{"0":"post-12796","1":"product","2":"type-product","3":"status-publish","4":"has-post-thumbnail","6":"product_cat-branding","8":"first","9":"instock","10":"shipping-taxable","11":"product-type-simple"},"_links":{"self":[{"href":"https:\/\/sax.rs\/en\/wp-json\/wp\/v2\/product\/12796","targetHints":{"allow":["GET"]}}],"collection":[{"href":"https:\/\/sax.rs\/en\/wp-json\/wp\/v2\/product"}],"about":[{"href":"https:\/\/sax.rs\/en\/wp-json\/wp\/v2\/types\/product"}],"wp:featuredmedia":[{"embeddable":true,"href":"https:\/\/sax.rs\/en\/wp-json\/wp\/v2\/media\/9822"}],"wp:attachment":[{"href":"https:\/\/sax.rs\/en\/wp-json\/wp\/v2\/media?parent=12796"}],"wp:term":[{"taxonomy":"product_brand","embeddable":true,"href":"https:\/\/sax.rs\/en\/wp-json\/wp\/v2\/product_brand?post=12796"},{"taxonomy":"product_cat","embeddable":true,"href":"https:\/\/sax.rs\/en\/wp-json\/wp\/v2\/product_cat?post=12796"},{"taxonomy":"product_tag","embeddable":true,"href":"https:\/\/sax.rs\/en\/wp-json\/wp\/v2\/product_tag?post=12796"}],"curies":[{"name":"wp","href":"https:\/\/api.w.org\/{rel}","templated":true}]}}