{"id":12629,"date":"2025-08-04T11:34:10","date_gmt":"2025-08-04T11:34:10","guid":{"rendered":"https:\/\/sax.rs\/p\/ringlice\/"},"modified":"2026-01-26T11:27:28","modified_gmt":"2026-01-26T10:27:28","slug":"ringlice","status":"publish","type":"product","link":"https:\/\/sax.rs\/en\/p\/ringlice\/","title":{"rendered":"RINGLICE"},"content":{"rendered":"","protected":false},"excerpt":{"rendered":"<h3><strong>Kinds of:<\/strong><\/h3>\n<p>\u2022<strong>Antimagnetic stainless<\/strong> (brass + patina)<\/p>\n<p>\u2022<strong>Ordinary<\/strong> (steel + patina ).<\/p>\n<h3><strong>Sizes \u00d8 outside \/ \u00d8 inside: <\/strong><\/h3>\n<p>\u2022 <strong> RIN 3 <\/strong> 9.5mm\/5.3mm (pack of 5000 pieces)<\/p>\n<p>\u2022 <strong>RIN 4<\/strong> 11.5mm \/ 6mm (pack of 5000 pieces)<\/p>\n<p>\u2022<strong>RIN 5<\/strong> 14.5mm \/ 8mm (pack of 1000 pieces)<\/p>\n<p>\u2022 <strong>RIN 24<\/strong> 18.5mm \/ 10mm (pack of 1000 pieces)<\/p>\n<h3><strong>We also make other sizes to order:<\/strong><\/h3>\n<p><strong>RIN 1<\/strong> (pack of 5000 pieces)<\/p>\n<p>\u2022 <strong>RIN 2<\/strong> 8.5mm \/ 5mm (pack of 5000 pieces)<\/p>\n<p>\u2022 <strong>RIN 28<\/strong> 25mm\/13,5mm (pakovanje 1000 komada)<\/p>\n<p>\u2022 <strong>RIN 31<\/strong> 32mm \/ 17.5mm (pack of 500 pieces)<\/p>\n<p>&nbsp;<\/p>\n<h3><strong>\u2022 Boje:<\/strong><\/h3>\n<p>nickel, black nickel, antik silver,oxide, crna, antik brass.<\/p>\n<p>\u2022 All hobs are delivered complete with<strong>plastic washer<\/strong>. Metal washers are ordered separately.<\/p>\n<p>In addition to standard colors, we are able to deliver rings in the colors of your choice. The minimum for ordering rings in the desired color is 2 packages \/ color. You choose the color from our catalog, and it is even possible to sample the color from the fabric you provide us.<\/p>\n<h2><\/h2>\n<h2><strong>Ringlets with logo <\/strong><\/h2>\n<p>\u2022 Kod nas mo\u017eete poru\u010diti ringlice sa va\u0161im logom.<\/p>\n<p>\u2022 The minimum is 10,000 pcs. (mo\u017ee biti podeljeno u 2 boje).<\/p>\n<p>\u2022 We make these rings in sizes: RIN4, RIN5, RIN 24 and RIN 28.<\/p>\n<p>\u2022 During the first order, the production of the mold is paid in advance.<\/p>\n<p>\u2022 Potrebno je da nam po\u0161aljete logo koji ide na ringlicu u vektorima.<\/p>\n","protected":false},"featured_media":12630,"template":"","meta":[],"product_brand":[],"product_cat":[1301,1545,1552,1559],"product_tag":[],"class_list":{"0":"post-12629","1":"product","2":"type-product","3":"status-publish","4":"has-post-thumbnail","6":"product_cat-accessories","7":"product_cat-branding","8":"product_cat-metal-accessories","9":"product_cat-ringlice","11":"first","12":"instock","13":"shipping-taxable","14":"product-type-simple"},"_links":{"self":[{"href":"https:\/\/sax.rs\/en\/wp-json\/wp\/v2\/product\/12629","targetHints":{"allow":["GET"]}}],"collection":[{"href":"https:\/\/sax.rs\/en\/wp-json\/wp\/v2\/product"}],"about":[{"href":"https:\/\/sax.rs\/en\/wp-json\/wp\/v2\/types\/product"}],"wp:featuredmedia":[{"embeddable":true,"href":"https:\/\/sax.rs\/en\/wp-json\/wp\/v2\/media\/12630"}],"wp:attachment":[{"href":"https:\/\/sax.rs\/en\/wp-json\/wp\/v2\/media?parent=12629"}],"wp:term":[{"taxonomy":"product_brand","embeddable":true,"href":"https:\/\/sax.rs\/en\/wp-json\/wp\/v2\/product_brand?post=12629"},{"taxonomy":"product_cat","embeddable":true,"href":"https:\/\/sax.rs\/en\/wp-json\/wp\/v2\/product_cat?post=12629"},{"taxonomy":"product_tag","embeddable":true,"href":"https:\/\/sax.rs\/en\/wp-json\/wp\/v2\/product_tag?post=12629"}],"curies":[{"name":"wp","href":"https:\/\/api.w.org\/{rel}","templated":true}]}}